{"id":21,"date":"2024-05-13T11:39:27","date_gmt":"2024-05-13T09:39:27","guid":{"rendered":"https:\/\/menage-urahafu.com\/?page_id=21"},"modified":"2024-09-04T02:11:54","modified_gmt":"2024-09-04T00:11:54","slug":"a-propos-de-nous","status":"publish","type":"page","link":"https:\/\/menage-urahafu.com\/index.php\/a-propos-de-nous\/","title":{"rendered":"A propos"},"content":{"rendered":"\t\t<div data-elementor-type=\"wp-page\" data-elementor-id=\"21\" class=\"elementor elementor-21\">\n\t\t\t\t<div class=\"elementor-element elementor-element-561a194 e-flex e-con-boxed wpr-particle-no wpr-jarallax-no wpr-parallax-no wpr-sticky-section-no wpr-equal-height-no e-con e-parent\" data-id=\"561a194\" data-element_type=\"container\" data-e-type=\"container\">\n\t\t\t\t\t<div class=\"e-con-inner\">\n\t\t<div class=\"elementor-element elementor-element-4a508fc e-con-full e-flex wpr-particle-no wpr-jarallax-no wpr-parallax-no wpr-sticky-section-no wpr-equal-height-no e-con e-child\" data-id=\"4a508fc\" data-element_type=\"container\" data-e-type=\"container\">\n\t\t\t\t<div class=\"elementor-element elementor-element-f5a034f elementor-widget elementor-widget-image\" data-id=\"f5a034f\" data-element_type=\"widget\" data-e-type=\"widget\" data-widget_type=\"image.default\">\n\t\t\t\t<div class=\"elementor-widget-container\">\n\t\t\t\t\t\t\t\t\t\t\t\t\t\t\t<img decoding=\"async\" src=\"http:\/\/menage-urahafu.com\/wp-content\/uploads\/2024\/06\/20200414_073924-scaled.jpg\" title=\"\" alt=\"menage-urahafu-draguignan\" loading=\"lazy\" \/>\t\t\t\t\t\t\t\t\t\t\t\t\t\t\t<\/div>\n\t\t\t\t<\/div>\n\t\t\t\t<\/div>\n\t\t\t\t<div class=\"elementor-element elementor-element-3c5ff34 elementor-widget elementor-widget-text-editor\" data-id=\"3c5ff34\" data-element_type=\"widget\" data-e-type=\"widget\" data-widget_type=\"text-editor.default\">\n\t\t\t\t<div class=\"elementor-widget-container\">\n\t\t\t\t\t\t\t\t\t<p><span style=\"color: black;\">Apr\u00e8s six ann\u00e9es d&#8217;exp\u00e9rience dans le secteur du nettoyage et anim\u00e9 par une v\u00e9ritable passion pour ce m\u00e9tier, le service urahafu a \u00e9t\u00e9 cr\u00e9\u00e9 dans le but d&#8217;accompagner sa client\u00e8le dans leurs besoins en mati\u00e8re d&#8217;aide \u00e0 domicile. Notre service repose sur trois piliers fondamentaux : l&#8217;hygi\u00e8ne, la confiance et la proximit\u00e9. Ces valeurs nous permettent aujourd&#8217;hui de fournir des prestations de qualit\u00e9 dans un large \u00e9ventail de services. Nos offres incluent une assistance pour divers besoins \u00e0 domicile tels que le m\u00e9nage, le nettoyage des vitres, l&#8217;aide aux courses pour les personnes \u00e2g\u00e9es, la garde d&#8217;enfants de plus de trois ans, ainsi que le nettoyage de canap\u00e9s et de tapis prochainement.<\/span><\/p><p><span style=\"color: black;\">En plus de poss\u00e9der une solide exp\u00e9rience dans le domaine du nettoyage, je me suis form\u00e9 et je d\u00e9tiens un dipl\u00f4me officiellement reconnu par l&#8217;\u00c9tat. Je poursuis \u00e9galement ma formation pour accro\u00eetre mon efficacit\u00e9, acqu\u00e9rir de nouvelles techniques et renforcer mon professionnalisme. En effet, le nettoyage est un m\u00e9tier \u00e0 part enti\u00e8re, n\u00e9cessitant un apprentissage continu pour atteindre l&#8217;excellence.<\/span><\/p>\t\t\t\t\t\t\t\t<\/div>\n\t\t\t\t<\/div>\n\t\t\t\t\t<\/div>\n\t\t\t\t<\/div>\n\t\t<div class=\"elementor-element elementor-element-e77ff43 e-flex e-con-boxed wpr-particle-no wpr-jarallax-no wpr-parallax-no wpr-sticky-section-no wpr-equal-height-no e-con e-parent\" data-id=\"e77ff43\" data-element_type=\"container\" data-e-type=\"container\">\n\t\t\t\t\t<div class=\"e-con-inner\">\n\t\t\t\t<div class=\"elementor-element elementor-element-d795363 elementor-widget elementor-widget-spacer\" data-id=\"d795363\" data-element_type=\"widget\" data-e-type=\"widget\" data-widget_type=\"spacer.default\">\n\t\t\t\t<div class=\"elementor-widget-container\">\n\t\t\t\t\t\t\t<div class=\"elementor-spacer\">\n\t\t\t<div class=\"elementor-spacer-inner\"><\/div>\n\t\t<\/div>\n\t\t\t\t\t\t<\/div>\n\t\t\t\t<\/div>\n\t\t\t\t\t<\/div>\n\t\t\t\t<\/div>\n\t\t<div class=\"elementor-element elementor-element-b605724 e-flex e-con-boxed wpr-particle-no wpr-jarallax-no wpr-parallax-no wpr-sticky-section-no wpr-equal-height-no e-con e-parent\" data-id=\"b605724\" data-element_type=\"container\" data-e-type=\"container\" data-settings=\"{&quot;background_background&quot;:&quot;classic&quot;}\">\n\t\t\t\t\t<div class=\"e-con-inner\">\n\t\t<div class=\"elementor-element elementor-element-6dd9bdb8 e-con-full e-flex wpr-particle-no wpr-jarallax-no wpr-parallax-no wpr-sticky-section-no wpr-equal-height-no e-con e-child\" data-id=\"6dd9bdb8\" data-element_type=\"container\" data-e-type=\"container\">\n\t\t\t\t<div class=\"elementor-element elementor-element-5069d4f1 elementor-widget elementor-widget-image\" data-id=\"5069d4f1\" data-element_type=\"widget\" data-e-type=\"widget\" data-widget_type=\"image.default\">\n\t\t\t\t<div class=\"elementor-widget-container\">\n\t\t\t\t\t\t\t\t\t\t\t\t<figure class=\"wp-caption\">\n\t\t\t\t\t\t\t\t\t\t\t<a href=\"\/\">\n\t\t\t\t\t\t\t<img decoding=\"async\" width=\"150\" height=\"150\" src=\"https:\/\/menage-urahafu.com\/wp-content\/uploads\/2024\/05\/1000008092-150x150.png\" class=\"attachment-thumbnail size-thumbnail wp-image-1274\" alt=\"Logo service de m\u00e9nage Urahafu\" srcset=\"https:\/\/menage-urahafu.com\/wp-content\/uploads\/2024\/05\/1000008092-150x150.png 150w, https:\/\/menage-urahafu.com\/wp-content\/uploads\/2024\/05\/1000008092-300x300.png 300w, https:\/\/menage-urahafu.com\/wp-content\/uploads\/2024\/05\/1000008092.png 500w\" sizes=\"(max-width: 150px) 100vw, 150px\" \/>\t\t\t\t\t\t\t\t<\/a>\n\t\t\t\t\t\t\t\t\t\t\t<figcaption class=\"widget-image-caption wp-caption-text\"><\/figcaption>\n\t\t\t\t\t\t\t\t\t\t<\/figure>\n\t\t\t\t\t\t\t\t\t<\/div>\n\t\t\t\t<\/div>\n\t\t\t\t<\/div>\n\t\t<div class=\"elementor-element elementor-element-283b4145 e-con-full e-flex wpr-particle-no wpr-jarallax-no wpr-parallax-no wpr-sticky-section-no wpr-equal-height-no e-con e-child\" data-id=\"283b4145\" data-element_type=\"container\" data-e-type=\"container\">\n\t\t\t\t<div class=\"elementor-element elementor-element-40473a9a elementor-widget elementor-widget-text-editor\" data-id=\"40473a9a\" data-element_type=\"widget\" data-e-type=\"widget\" data-widget_type=\"text-editor.default\">\n\t\t\t\t<div class=\"elementor-widget-container\">\n\t\t\t\t\t\t\t\t\t<p>Lundi- vendredi 9h \u00e0 19h<br \/>Samedi-Dimanche 09h \u00e0 15h<br \/><a href=\"tel:0624340337\">06.24.34.03.37<\/a><br \/><a href=\"mailto:contact@menage-urahafu.com\">contact@menage-urahafu.com<\/a><\/p>\t\t\t\t\t\t\t\t<\/div>\n\t\t\t\t<\/div>\n\t\t\t\t<\/div>\n\t\t<div class=\"elementor-element elementor-element-15d225df e-con-full e-flex wpr-particle-no wpr-jarallax-no wpr-parallax-no wpr-sticky-section-no wpr-equal-height-no e-con e-child\" data-id=\"15d225df\" data-element_type=\"container\" data-e-type=\"container\">\n\t\t<div class=\"elementor-element elementor-element-5fec3692 e-con-full e-grid wpr-particle-no wpr-jarallax-no wpr-parallax-no wpr-sticky-section-no wpr-equal-height-no e-con e-child\" data-id=\"5fec3692\" data-element_type=\"container\" data-e-type=\"container\">\n\t\t\t\t<div class=\"elementor-element elementor-element-50380f35 elementor-view-default elementor-widget elementor-widget-icon\" data-id=\"50380f35\" data-element_type=\"widget\" data-e-type=\"widget\" data-widget_type=\"icon.default\">\n\t\t\t\t<div class=\"elementor-widget-container\">\n\t\t\t\t\t\t\t<div class=\"elementor-icon-wrapper\">\n\t\t\t<a class=\"elementor-icon\" href=\"https:\/\/www.facebook.com\/serviceurahafu\">\n\t\t\t<svg aria-hidden=\"true\" class=\"e-font-icon-svg e-fab-facebook\" viewBox=\"0 0 512 512\" xmlns=\"http:\/\/www.w3.org\/2000\/svg\"><path d=\"M504 256C504 119 393 8 256 8S8 119 8 256c0 123.78 90.69 226.38 209.25 245V327.69h-63V256h63v-54.64c0-62.15 37-96.48 93.67-96.48 27.14 0 55.52 4.84 55.52 4.84v61h-31.28c-30.8 0-40.41 19.12-40.41 38.73V256h68.78l-11 71.69h-57.78V501C413.31 482.38 504 379.78 504 256z\"><\/path><\/svg>\t\t\t<\/a>\n\t\t<\/div>\n\t\t\t\t\t\t<\/div>\n\t\t\t\t<\/div>\n\t\t\t\t<div class=\"elementor-element elementor-element-62e0a16b elementor-view-default elementor-widget elementor-widget-icon\" data-id=\"62e0a16b\" data-element_type=\"widget\" data-e-type=\"widget\" data-widget_type=\"icon.default\">\n\t\t\t\t<div class=\"elementor-widget-container\">\n\t\t\t\t\t\t\t<div class=\"elementor-icon-wrapper\">\n\t\t\t<a class=\"elementor-icon\" href=\"https:\/\/www.instagram.com\/service.urahafu\/\">\n\t\t\t<svg aria-hidden=\"true\" class=\"e-font-icon-svg e-fab-instagram\" viewBox=\"0 0 448 512\" xmlns=\"http:\/\/www.w3.org\/2000\/svg\"><path d=\"M224.1 141c-63.6 0-114.9 51.3-114.9 114.9s51.3 114.9 114.9 114.9S339 319.5 339 255.9 287.7 141 224.1 141zm0 189.6c-41.1 0-74.7-33.5-74.7-74.7s33.5-74.7 74.7-74.7 74.7 33.5 74.7 74.7-33.6 74.7-74.7 74.7zm146.4-194.3c0 14.9-12 26.8-26.8 26.8-14.9 0-26.8-12-26.8-26.8s12-26.8 26.8-26.8 26.8 12 26.8 26.8zm76.1 27.2c-1.7-35.9-9.9-67.7-36.2-93.9-26.2-26.2-58-34.4-93.9-36.2-37-2.1-147.9-2.1-184.9 0-35.8 1.7-67.6 9.9-93.9 36.1s-34.4 58-36.2 93.9c-2.1 37-2.1 147.9 0 184.9 1.7 35.9 9.9 67.7 36.2 93.9s58 34.4 93.9 36.2c37 2.1 147.9 2.1 184.9 0 35.9-1.7 67.7-9.9 93.9-36.2 26.2-26.2 34.4-58 36.2-93.9 2.1-37 2.1-147.8 0-184.8zM398.8 388c-7.8 19.6-22.9 34.7-42.6 42.6-29.5 11.7-99.5 9-132.1 9s-102.7 2.6-132.1-9c-19.6-7.8-34.7-22.9-42.6-42.6-11.7-29.5-9-99.5-9-132.1s-2.6-102.7 9-132.1c7.8-19.6 22.9-34.7 42.6-42.6 29.5-11.7 99.5-9 132.1-9s102.7-2.6 132.1 9c19.6 7.8 34.7 22.9 42.6 42.6 11.7 29.5 9 99.5 9 132.1s2.7 102.7-9 132.1z\"><\/path><\/svg>\t\t\t<\/a>\n\t\t<\/div>\n\t\t\t\t\t\t<\/div>\n\t\t\t\t<\/div>\n\t\t\t\t<\/div>\n\t\t\t\t<div class=\"elementor-element elementor-element-509a3245 elementor-widget elementor-widget-text-editor\" data-id=\"509a3245\" data-element_type=\"widget\" data-e-type=\"widget\" data-widget_type=\"text-editor.default\">\n\t\t\t\t<div class=\"elementor-widget-container\">\n\t\t\t\t\t\t\t\t\t<p><a href=\"https:\/\/menage-urahafu.com\/index.php\/mentions-legales\/\">Mentions l\u00e9gales<\/a><br \/><br \/><\/p>\t\t\t\t\t\t\t\t<\/div>\n\t\t\t\t<\/div>\n\t\t\t\t<\/div>\n\t\t\t\t\t<\/div>\n\t\t\t\t<\/div>\n\t\t\t\t<\/div>\n\t\t","protected":false},"excerpt":{"rendered":"<p>Apr\u00e8s six ann\u00e9es d&#8217;exp\u00e9rience dans le secteur du nettoyage et anim\u00e9 par une v\u00e9ritable passion pour ce m\u00e9tier, le service urahafu a \u00e9t\u00e9 cr\u00e9\u00e9 dans le but d&#8217;accompagner sa client\u00e8le dans leurs besoins en mati\u00e8re d&#8217;aide \u00e0 domicile. Notre service repose sur trois piliers fondamentaux : l&#8217;hygi\u00e8ne, la confiance et la proximit\u00e9. Ces valeurs nous permettent aujourd&#8217;hui de fournir des prestations de qualit\u00e9 dans un large \u00e9ventail de services. Nos offres incluent une assistance pour divers besoins \u00e0 domicile tels que le m\u00e9nage, le nettoyage des vitres, l&#8217;aide aux courses pour les personnes \u00e2g\u00e9es, la garde d&#8217;enfants de plus de trois ans, ainsi que le nettoyage de canap\u00e9s et de tapis prochainement. En plus de poss\u00e9der une solide exp\u00e9rience dans le domaine du nettoyage, je me suis form\u00e9 et je d\u00e9tiens un dipl\u00f4me officiellement reconnu par l&#8217;\u00c9tat. Je poursuis \u00e9galement ma formation pour accro\u00eetre mon efficacit\u00e9, acqu\u00e9rir de nouvelles techniques et renforcer mon professionnalisme. En effet, le nettoyage est un m\u00e9tier \u00e0 part enti\u00e8re, n\u00e9cessitant un apprentissage continu pour atteindre l&#8217;excellence. Lundi- vendredi 9h \u00e0 19hSamedi-Dimanche 09h \u00e0 15h06.24.34.03.37contact@menage-urahafu.com Mentions l\u00e9gales<\/p>\n","protected":false},"author":1,"featured_media":0,"parent":0,"menu_order":0,"comment_status":"closed","ping_status":"closed","template":"","meta":{"footnotes":""},"class_list":["post-21","page","type-page","status-publish","hentry"],"yoast_head":"<!-- This site is optimized with the Yoast SEO plugin v27.5 - https:\/\/yoast.com\/product\/yoast-seo-wordpress\/ -->\n<title>A propos - Service Urahafu<\/title>\n<meta name=\"robots\" content=\"index, follow, max-snippet:-1, max-image-preview:large, max-video-preview:-1\" \/>\n<link rel=\"canonical\" href=\"https:\/\/menage-urahafu.com\/index.php\/a-propos-de-nous\/\" \/>\n<meta property=\"og:locale\" content=\"en_US\" \/>\n<meta property=\"og:type\" content=\"article\" \/>\n<meta property=\"og:title\" content=\"A propos - Service Urahafu\" \/>\n<meta property=\"og:description\" content=\"Apr\u00e8s six ann\u00e9es d&#8217;exp\u00e9rience dans le secteur du nettoyage et anim\u00e9 par une v\u00e9ritable passion pour ce m\u00e9tier, le service urahafu a \u00e9t\u00e9 cr\u00e9\u00e9 dans le but d&#8217;accompagner sa client\u00e8le dans leurs besoins en mati\u00e8re d&#8217;aide \u00e0 domicile. Notre service repose sur trois piliers fondamentaux : l&#8217;hygi\u00e8ne, la confiance et la proximit\u00e9. Ces valeurs nous permettent aujourd&#8217;hui de fournir des prestations de qualit\u00e9 dans un large \u00e9ventail de services. Nos offres incluent une assistance pour divers besoins \u00e0 domicile tels que le m\u00e9nage, le nettoyage des vitres, l&#8217;aide aux courses pour les personnes \u00e2g\u00e9es, la garde d&#8217;enfants de plus de trois ans, ainsi que le nettoyage de canap\u00e9s et de tapis prochainement. En plus de poss\u00e9der une solide exp\u00e9rience dans le domaine du nettoyage, je me suis form\u00e9 et je d\u00e9tiens un dipl\u00f4me officiellement reconnu par l&#8217;\u00c9tat. Je poursuis \u00e9galement ma formation pour accro\u00eetre mon efficacit\u00e9, acqu\u00e9rir de nouvelles techniques et renforcer mon professionnalisme. En effet, le nettoyage est un m\u00e9tier \u00e0 part enti\u00e8re, n\u00e9cessitant un apprentissage continu pour atteindre l&#8217;excellence. Lundi- vendredi 9h \u00e0 19hSamedi-Dimanche 09h \u00e0 15h06.24.34.03.37contact@menage-urahafu.com Mentions l\u00e9gales\" \/>\n<meta property=\"og:url\" content=\"https:\/\/menage-urahafu.com\/index.php\/a-propos-de-nous\/\" \/>\n<meta property=\"og:site_name\" content=\"Service Urahafu\" \/>\n<meta property=\"article:publisher\" content=\"https:\/\/www.facebook.com\/serviceurahafu\" \/>\n<meta property=\"article:modified_time\" content=\"2024-09-04T00:11:54+00:00\" \/>\n<meta property=\"og:image\" content=\"http:\/\/menage-urahafu.com\/wp-content\/uploads\/2024\/06\/20200414_073924-scaled.jpg\" \/>\n<meta name=\"twitter:card\" content=\"summary_large_image\" \/>\n<meta name=\"twitter:label1\" content=\"Est. reading time\" \/>\n\t<meta name=\"twitter:data1\" content=\"2 minutes\" \/>\n<script type=\"application\/ld+json\" class=\"yoast-schema-graph\">{\"@context\":\"https:\\\/\\\/schema.org\",\"@graph\":[{\"@type\":\"WebPage\",\"@id\":\"https:\\\/\\\/menage-urahafu.com\\\/index.php\\\/a-propos-de-nous\\\/\",\"url\":\"https:\\\/\\\/menage-urahafu.com\\\/index.php\\\/a-propos-de-nous\\\/\",\"name\":\"A propos - Service Urahafu\",\"isPartOf\":{\"@id\":\"https:\\\/\\\/menage-urahafu.com\\\/#website\"},\"primaryImageOfPage\":{\"@id\":\"https:\\\/\\\/menage-urahafu.com\\\/index.php\\\/a-propos-de-nous\\\/#primaryimage\"},\"image\":{\"@id\":\"https:\\\/\\\/menage-urahafu.com\\\/index.php\\\/a-propos-de-nous\\\/#primaryimage\"},\"thumbnailUrl\":\"http:\\\/\\\/menage-urahafu.com\\\/wp-content\\\/uploads\\\/2024\\\/06\\\/20200414_073924-scaled.jpg\",\"datePublished\":\"2024-05-13T09:39:27+00:00\",\"dateModified\":\"2024-09-04T00:11:54+00:00\",\"breadcrumb\":{\"@id\":\"https:\\\/\\\/menage-urahafu.com\\\/index.php\\\/a-propos-de-nous\\\/#breadcrumb\"},\"inLanguage\":\"en-US\",\"potentialAction\":[{\"@type\":\"ReadAction\",\"target\":[\"https:\\\/\\\/menage-urahafu.com\\\/index.php\\\/a-propos-de-nous\\\/\"]}]},{\"@type\":\"ImageObject\",\"inLanguage\":\"en-US\",\"@id\":\"https:\\\/\\\/menage-urahafu.com\\\/index.php\\\/a-propos-de-nous\\\/#primaryimage\",\"url\":\"http:\\\/\\\/menage-urahafu.com\\\/wp-content\\\/uploads\\\/2024\\\/06\\\/20200414_073924-scaled.jpg\",\"contentUrl\":\"http:\\\/\\\/menage-urahafu.com\\\/wp-content\\\/uploads\\\/2024\\\/06\\\/20200414_073924-scaled.jpg\"},{\"@type\":\"BreadcrumbList\",\"@id\":\"https:\\\/\\\/menage-urahafu.com\\\/index.php\\\/a-propos-de-nous\\\/#breadcrumb\",\"itemListElement\":[{\"@type\":\"ListItem\",\"position\":1,\"name\":\"Accueil\",\"item\":\"https:\\\/\\\/menage-urahafu.com\\\/\"},{\"@type\":\"ListItem\",\"position\":2,\"name\":\"A propos\"}]},{\"@type\":\"WebSite\",\"@id\":\"https:\\\/\\\/menage-urahafu.com\\\/#website\",\"url\":\"https:\\\/\\\/menage-urahafu.com\\\/\",\"name\":\"SERVICE URAHAFU\",\"description\":\"\",\"publisher\":{\"@id\":\"https:\\\/\\\/menage-urahafu.com\\\/#organization\"},\"potentialAction\":[{\"@type\":\"SearchAction\",\"target\":{\"@type\":\"EntryPoint\",\"urlTemplate\":\"https:\\\/\\\/menage-urahafu.com\\\/?s={search_term_string}\"},\"query-input\":{\"@type\":\"PropertyValueSpecification\",\"valueRequired\":true,\"valueName\":\"search_term_string\"}}],\"inLanguage\":\"en-US\"},{\"@type\":\"Organization\",\"@id\":\"https:\\\/\\\/menage-urahafu.com\\\/#organization\",\"name\":\"SERVICE URAHAFU\",\"url\":\"https:\\\/\\\/menage-urahafu.com\\\/\",\"logo\":{\"@type\":\"ImageObject\",\"inLanguage\":\"en-US\",\"@id\":\"https:\\\/\\\/menage-urahafu.com\\\/#\\\/schema\\\/logo\\\/image\\\/\",\"url\":\"https:\\\/\\\/menage-urahafu.com\\\/wp-content\\\/uploads\\\/2024\\\/05\\\/1000008092.png\",\"contentUrl\":\"https:\\\/\\\/menage-urahafu.com\\\/wp-content\\\/uploads\\\/2024\\\/05\\\/1000008092.png\",\"width\":500,\"height\":500,\"caption\":\"SERVICE URAHAFU\"},\"image\":{\"@id\":\"https:\\\/\\\/menage-urahafu.com\\\/#\\\/schema\\\/logo\\\/image\\\/\"},\"sameAs\":[\"https:\\\/\\\/www.facebook.com\\\/serviceurahafu\",\"https:\\\/\\\/www.instagram.com\\\/service.urahafu\\\/\"]}]}<\/script>\n<!-- \/ Yoast SEO plugin. -->","yoast_head_json":{"title":"A propos - Service Urahafu","robots":{"index":"index","follow":"follow","max-snippet":"max-snippet:-1","max-image-preview":"max-image-preview:large","max-video-preview":"max-video-preview:-1"},"canonical":"https:\/\/menage-urahafu.com\/index.php\/a-propos-de-nous\/","og_locale":"en_US","og_type":"article","og_title":"A propos - Service Urahafu","og_description":"Apr\u00e8s six ann\u00e9es d&#8217;exp\u00e9rience dans le secteur du nettoyage et anim\u00e9 par une v\u00e9ritable passion pour ce m\u00e9tier, le service urahafu a \u00e9t\u00e9 cr\u00e9\u00e9 dans le but d&#8217;accompagner sa client\u00e8le dans leurs besoins en mati\u00e8re d&#8217;aide \u00e0 domicile. Notre service repose sur trois piliers fondamentaux : l&#8217;hygi\u00e8ne, la confiance et la proximit\u00e9. Ces valeurs nous permettent aujourd&#8217;hui de fournir des prestations de qualit\u00e9 dans un large \u00e9ventail de services. Nos offres incluent une assistance pour divers besoins \u00e0 domicile tels que le m\u00e9nage, le nettoyage des vitres, l&#8217;aide aux courses pour les personnes \u00e2g\u00e9es, la garde d&#8217;enfants de plus de trois ans, ainsi que le nettoyage de canap\u00e9s et de tapis prochainement. En plus de poss\u00e9der une solide exp\u00e9rience dans le domaine du nettoyage, je me suis form\u00e9 et je d\u00e9tiens un dipl\u00f4me officiellement reconnu par l&#8217;\u00c9tat. Je poursuis \u00e9galement ma formation pour accro\u00eetre mon efficacit\u00e9, acqu\u00e9rir de nouvelles techniques et renforcer mon professionnalisme. En effet, le nettoyage est un m\u00e9tier \u00e0 part enti\u00e8re, n\u00e9cessitant un apprentissage continu pour atteindre l&#8217;excellence. Lundi- vendredi 9h \u00e0 19hSamedi-Dimanche 09h \u00e0 15h06.24.34.03.37contact@menage-urahafu.com Mentions l\u00e9gales","og_url":"https:\/\/menage-urahafu.com\/index.php\/a-propos-de-nous\/","og_site_name":"Service Urahafu","article_publisher":"https:\/\/www.facebook.com\/serviceurahafu","article_modified_time":"2024-09-04T00:11:54+00:00","og_image":[{"url":"http:\/\/menage-urahafu.com\/wp-content\/uploads\/2024\/06\/20200414_073924-scaled.jpg","type":"","width":"","height":""}],"twitter_card":"summary_large_image","twitter_misc":{"Est. reading time":"2 minutes"},"schema":{"@context":"https:\/\/schema.org","@graph":[{"@type":"WebPage","@id":"https:\/\/menage-urahafu.com\/index.php\/a-propos-de-nous\/","url":"https:\/\/menage-urahafu.com\/index.php\/a-propos-de-nous\/","name":"A propos - Service Urahafu","isPartOf":{"@id":"https:\/\/menage-urahafu.com\/#website"},"primaryImageOfPage":{"@id":"https:\/\/menage-urahafu.com\/index.php\/a-propos-de-nous\/#primaryimage"},"image":{"@id":"https:\/\/menage-urahafu.com\/index.php\/a-propos-de-nous\/#primaryimage"},"thumbnailUrl":"http:\/\/menage-urahafu.com\/wp-content\/uploads\/2024\/06\/20200414_073924-scaled.jpg","datePublished":"2024-05-13T09:39:27+00:00","dateModified":"2024-09-04T00:11:54+00:00","breadcrumb":{"@id":"https:\/\/menage-urahafu.com\/index.php\/a-propos-de-nous\/#breadcrumb"},"inLanguage":"en-US","potentialAction":[{"@type":"ReadAction","target":["https:\/\/menage-urahafu.com\/index.php\/a-propos-de-nous\/"]}]},{"@type":"ImageObject","inLanguage":"en-US","@id":"https:\/\/menage-urahafu.com\/index.php\/a-propos-de-nous\/#primaryimage","url":"http:\/\/menage-urahafu.com\/wp-content\/uploads\/2024\/06\/20200414_073924-scaled.jpg","contentUrl":"http:\/\/menage-urahafu.com\/wp-content\/uploads\/2024\/06\/20200414_073924-scaled.jpg"},{"@type":"BreadcrumbList","@id":"https:\/\/menage-urahafu.com\/index.php\/a-propos-de-nous\/#breadcrumb","itemListElement":[{"@type":"ListItem","position":1,"name":"Accueil","item":"https:\/\/menage-urahafu.com\/"},{"@type":"ListItem","position":2,"name":"A propos"}]},{"@type":"WebSite","@id":"https:\/\/menage-urahafu.com\/#website","url":"https:\/\/menage-urahafu.com\/","name":"SERVICE URAHAFU","description":"","publisher":{"@id":"https:\/\/menage-urahafu.com\/#organization"},"potentialAction":[{"@type":"SearchAction","target":{"@type":"EntryPoint","urlTemplate":"https:\/\/menage-urahafu.com\/?s={search_term_string}"},"query-input":{"@type":"PropertyValueSpecification","valueRequired":true,"valueName":"search_term_string"}}],"inLanguage":"en-US"},{"@type":"Organization","@id":"https:\/\/menage-urahafu.com\/#organization","name":"SERVICE URAHAFU","url":"https:\/\/menage-urahafu.com\/","logo":{"@type":"ImageObject","inLanguage":"en-US","@id":"https:\/\/menage-urahafu.com\/#\/schema\/logo\/image\/","url":"https:\/\/menage-urahafu.com\/wp-content\/uploads\/2024\/05\/1000008092.png","contentUrl":"https:\/\/menage-urahafu.com\/wp-content\/uploads\/2024\/05\/1000008092.png","width":500,"height":500,"caption":"SERVICE URAHAFU"},"image":{"@id":"https:\/\/menage-urahafu.com\/#\/schema\/logo\/image\/"},"sameAs":["https:\/\/www.facebook.com\/serviceurahafu","https:\/\/www.instagram.com\/service.urahafu\/"]}]}},"_links":{"self":[{"href":"https:\/\/menage-urahafu.com\/index.php\/wp-json\/wp\/v2\/pages\/21","targetHints":{"allow":["GET"]}}],"collection":[{"href":"https:\/\/menage-urahafu.com\/index.php\/wp-json\/wp\/v2\/pages"}],"about":[{"href":"https:\/\/menage-urahafu.com\/index.php\/wp-json\/wp\/v2\/types\/page"}],"author":[{"embeddable":true,"href":"https:\/\/menage-urahafu.com\/index.php\/wp-json\/wp\/v2\/users\/1"}],"replies":[{"embeddable":true,"href":"https:\/\/menage-urahafu.com\/index.php\/wp-json\/wp\/v2\/comments?post=21"}],"version-history":[{"count":17,"href":"https:\/\/menage-urahafu.com\/index.php\/wp-json\/wp\/v2\/pages\/21\/revisions"}],"predecessor-version":[{"id":1352,"href":"https:\/\/menage-urahafu.com\/index.php\/wp-json\/wp\/v2\/pages\/21\/revisions\/1352"}],"wp:attachment":[{"href":"https:\/\/menage-urahafu.com\/index.php\/wp-json\/wp\/v2\/media?parent=21"}],"curies":[{"name":"wp","href":"https:\/\/api.w.org\/{rel}","templated":true}]}}